{"id":2942,"date":"2026-04-13T09:46:18","date_gmt":"2026-04-13T07:46:18","guid":{"rendered":"https:\/\/construccionessantamariadelcastillo.es\/?page_id=2942"},"modified":"2026-04-13T09:53:42","modified_gmt":"2026-04-13T07:53:42","slug":"aviso-legal","status":"publish","type":"page","link":"https:\/\/construccionessantamariadelcastillo.es\/en\/aviso-legal\/","title":{"rendered":"Legal Notice"},"content":{"rendered":"<p>[et_pb_section fb_built=\u00bb1&#8243; admin_label=\u00bbProject Details\u00bb _builder_version=\u00bb4.16&#8243; custom_padding=\u00bb90px||90px||true\u00bb global_colors_info=\u00bb{}\u00bb theme_builder_area=\u00bbpost_content\u00bb][et_pb_row column_structure=\u00bb1_2,1_2&#8243; _builder_version=\u00bb4.27.4&#8243; global_colors_info=\u00bb{}\u00bb theme_builder_area=\u00bbpost_content\u00bb][et_pb_column type=\u00bb1_2&#8243; _builder_version=\u00bb4.27.4&#8243; custom_padding=\u00bb|||\u00bb hover_enabled=\u00bb0&#8243; global_colors_info=\u00bb{}\u00bb custom_padding__hover=\u00bb|||\u00bb theme_builder_area=\u00bbpost_content\u00bb sticky_enabled=\u00bb0&#8243;][et_pb_text _builder_version=\u00bb4.27.4&#8243; text_font=\u00bb||||||||\u00bb link_font=\u00bb||||||||\u00bb ul_font=\u00bb||||||||\u00bb ol_font=\u00bb||||||||\u00bb quote_font=\u00bb||||||||\u00bb header_font=\u00bb||||||||\u00bb header_2_font=\u00bbRubik|700|||||||\u00bb header_2_font_size=\u00bb42px\u00bb header_2_line_height=\u00bb1.2em\u00bb module_alignment=\u00bbcenter\u00bb custom_margin=\u00bb|||\u00bb custom_padding=\u00bb|||\u00bb hover_enabled=\u00bb0&#8243; header_2_font_size_tablet=\u00bb\u00bb header_2_font_size_phone=\u00bb36px\u00bb header_2_font_size_last_edited=\u00bbon|phone\u00bb locked=\u00bboff\u00bb global_colors_info=\u00bb{}\u00bb theme_builder_area=\u00bbpost_content\u00bb sticky_enabled=\u00bb0&#8243;]<\/p>\n<h2>Aviso Legal<\/h2>\n<p>[\/et_pb_text][et_pb_divider color=\u00bb#ffb400&#8243; divider_position=\u00bbcenter\u00bb divider_weight=\u00bb5px\u00bb _builder_version=\u00bb4.16&#8243; max_width=\u00bb50px\u00bb locked=\u00bboff\u00bb global_colors_info=\u00bb{}\u00bb theme_builder_area=\u00bbpost_content\u00bb][\/et_pb_divider][\/et_pb_column][et_pb_column type=\u00bb1_2&#8243; _builder_version=\u00bb4.16&#8243; custom_padding=\u00bb|||\u00bb global_colors_info=\u00bb{}\u00bb custom_padding__hover=\u00bb|||\u00bb theme_builder_area=\u00bbpost_content\u00bb][\/et_pb_column][\/et_pb_row][et_pb_row _builder_version=\u00bb4.27.4&#8243; _module_preset=\u00bbdefault\u00bb theme_builder_area=\u00bbpost_content\u00bb custom_margin=\u00bb-28px|auto||auto||\u00bb][et_pb_column _builder_version=\u00bb4.27.4&#8243; _module_preset=\u00bbdefault\u00bb type=\u00bb4_4&#8243; theme_builder_area=\u00bbpost_content\u00bb][et_pb_text _builder_version=\u00bb4.27.4&#8243; _module_preset=\u00bbdefault\u00bb theme_builder_area=\u00bbpost_content\u00bb hover_enabled=\u00bb0&#8243; sticky_enabled=\u00bb0&#8243; custom_margin=\u00bb15px|||||\u00bb text_text_color=\u00bb#2a2a2a\u00bb]<\/p>\n<p><span>De acuerdo con el art\u00edculo 10 de la Ley 34\/2002, de 11 de julio, de Servicios de la Sociedad de la Informaci\u00f3n y de Comercio o Electr\u00f3nico (LSSICE) a continuaci\u00f3n se detallan los datos identificativos de la empresa la cual es responsable \u00fanico y exclusivo en relaci\u00f3n a la veracidad de la informaci\u00f3n contenida en la p\u00e1gina web en cuanto a los textos, fotograf\u00edas, logotipos, cupones, productos, servicios e im\u00e1genes visualizadas:<\/span><\/p>\n<p><span>Raz\u00f3n social:\u00a0<strong>CONSTRUCCIONES SANTA MAR\u00cdA DEL CASTILLO S.L<\/strong><\/span><\/p>\n<p><span>NIF\/ CIF: <strong>B34144410<\/strong><\/span><\/p>\n<p><span>Direcci\u00f3n:\u00a0<strong>C\/MORADILLO, 6, 34440, FR\u00d3MISTA PALENCIA.<\/strong><\/span><\/p>\n<p><span>Tel\u00e9fono:\u00a0<strong>676 007 640<\/strong><\/span><\/p>\n<p><span>1.\u00a0<strong>T\u00e9rminos y condiciones de uso<\/strong><\/span><br \/><span>El acceso a esta p\u00e1gina web atribuye la condici\u00f3n de USUARIO, quien accede voluntariamente a este sitio web. El mero acceso no implica el establecimiento de ning\u00fan tipo de relaci\u00f3n comercial entre el USUARIO y<strong> CONSTRUCCIONES SANTA MAR\u00cdA DEL CASTILLO S.L<\/strong><b>.<\/b>\u00a0La informaci\u00f3n suministrada en la p\u00e1gina web tiene como finalidad facilitar el conocimiento por parte de los usuarios de las actividades y de los servicios prestados, quien se reserva el derecho de efectuar, en cualquier momento cuantas modificaciones, variaciones, supresi\u00f3n o cancelaciones de los contenidos y en la forma de presentaci\u00f3n de los mismos que considere necesaria para la prestaci\u00f3n de los servicios. Esta facultad no otorga a los usuarios ning\u00fan derecho a percibir indemnizaci\u00f3n por da\u00f1os y perjuicios, por lo que se recomienda al USUARIO que lea este Aviso Legal tantas veces como acceda a la web.<\/span><\/p>\n<p><span>2.\u00a0<strong>Uso indebido y responsabilidad<\/strong><\/span><br \/><span>El USUARIO asume la responsabilidad del uso del portal, comprometi\u00e9ndose a realizar un buen uso de la p\u00e1gina web y aportar informaci\u00f3n veraz y l\u00edcita, no permiti\u00e9ndose conductas que vayan contra la ley, los derechos o intereses de terceros.<\/span><\/p>\n<p><span>La utilizaci\u00f3n de ciertos servicios o solicitudes estar\u00e1n condicionadas a la previa cumplimentaci\u00f3n del correspondiente formulario de recogida de datos. A estos efectos, el USUARIO ser\u00e1 responsable de la informaci\u00f3n falsa o inexacta que pudiera realizar o comunicar y de los perjuicios que cause al responsable de la web en su caso.<\/span><\/p>\n<p><span>Se reservan el derecho a denegar o retirar el acceso a la web a aquellos USUARIOS que incumplen las condiciones y obligaciones de la presente p\u00e1gina web, no haci\u00e9ndose responsable del mal uso que se realice de los contenidos de la p\u00e1gina web.<\/span><\/p>\n<p><span>No obstante, <strong>CONSTRUCCIONES SANTA MAR\u00cdA DEL CASTILLO S.L<\/strong>\u00a0declara que han adoptado todas las medidas necesarias, dentro de sus posibilidades y del estado de la tecnolog\u00eda, para garantizar el funcionamiento de la p\u00e1gina web y evitar la existencia y transmisi\u00f3n de virus y dem\u00e1s componentes da\u00f1inos a los usuarios.<\/span><\/p>\n<p><span>3.\u00a0<strong>Enlaces<\/strong><\/span><br \/><span>En el caso de que en el sitio web se dispusiesen enlaces o hiperv\u00ednculos hac\u00eda otros sitios de Internet, <strong>CONSTRUCCIONES SANTA MAR\u00cdA DEL CASTILLO S.L <\/strong>no ejercer\u00e1 ning\u00fan tipo de control sobre dichos sitios y contenidos, no asumiendo en ning\u00fan caso responsabilidad alguna por los contenidos de alg\u00fan enlace perteneciente a un sitio web ajeno.<\/span><\/p>\n<p><span>Propiedad intelectual e industrial<\/span><br \/><span>El Copyright, dise\u00f1o y creaci\u00f3n de la p\u00e1gina web es titularidad de Solucines Inform\u00e1ticas Online. El acceso gratuito no implica otros derechos o licencias para reproducci\u00f3n y\/o distribuci\u00f3n sin la previa autorizaci\u00f3n expresa del propietario, por lo que, de conformidad con lo dispuesto en los art\u00edculos 8 y 32.1, p\u00e1rrafo segundo, de la Ley de Propiedad Intelectual, quedan expresamente prohibidas la reproducci\u00f3n, distribuci\u00f3n y comunicaci\u00f3n p\u00fablica de la totalidad o parte de los contenidos de esta p\u00e1gina web, con fines comerciales, en cualquier soporte y por cualquier medio t\u00e9cnico sin previa autorizaci\u00f3n, comprometi\u00e9ndose el USUARIO en respetar los derechos de Propiedad Intelectual e Industrial.<\/span><\/p>\n<p><span>Las marcas, logotipos, dise\u00f1os, contenidos, programas u objetos similares que forman parte de esta p\u00e1gina web, est\u00e1n protegidos por leyes de propiedad industrial e intelectual. La reproducci\u00f3n, distribuci\u00f3n, manipulaci\u00f3n o desensamblaje no autorizado de los c\u00f3digos fuente, de los algoritmos incorporados o de la base datos, ya sea total o parcial, dar\u00e1 lugar a graves penalizaciones tanto civiles como penales y ser\u00e1 objeto de cuantas acciones judiciales correspondan en Derecho.<\/span><\/p>\n<p><span>4.\u00a0<strong>Pol\u00edtica de privacidad y protecci\u00f3n de datos<\/strong><\/span><br \/><span>En virtud de lo dispuesto en el Reglamento General de Protecci\u00f3n de Datos (RGPD), Reglamento UE 2016\/679, relativo a la protecci\u00f3n de las personas f\u00edsicas en lo que respecta al tratamiento de datos personales y a la libre circulaci\u00f3n de los mismos, y la Ley Org\u00e1nica 3\/2018, de 5 de diciembre (LOPDGDD) se informa al USUARIO que todos los datos recabados mediante los diferentes formularios que aparecen en la web ser\u00e1n incorporados a un fichero, creado y mantenido bajo la responsabilidad de <strong>CONSTRUCCIONES SANTA MAR\u00cdA DEL CASTILLO S.L<\/strong>\u00a0con el fin de gestionar el env\u00edo de la informaci\u00f3n que soliciten, pudiendo elaborarse, de ser necesario, un perfil comercial, en base a la informaci\u00f3n facilitada. No se tomar\u00e1n decisiones automatizadas en base a dicho perfil. Los datos personales proporcionados se conservar\u00e1n mientras se mantenga la relaci\u00f3n mercantil, en su caso, y no se solicite su supresi\u00f3n por el interesado.<\/span><\/p>\n<p><span>Para ello, <strong>CONSTRUCCIONES SANTA MAR\u00cdA DEL CASTILLO S.L<\/strong>\u00a0solicitar\u00e1 el consentimiento del interesado a trav\u00e9s del formulario de recogida de datos para el tratamiento de los mismos y la oferta prospectiva de productos y servicios, estando el USUARIO legitimado para retirar dicho consentimiento en cualquier momento, as\u00ed como a ejercer sus derechos de acceso, rectificaci\u00f3n, portabilidad y supresi\u00f3n de sus datos, y a presentar una reclamaci\u00f3n ante la autoridad de control, si considera que el tratamiento no se ajusta a la normativa vigente.<\/span><\/p>\n<p><span>Los contenidos de la p\u00e1gina web est\u00e1n dirigidos a personas mayores de edad, no se pretende obtener datos de personas menores de edad, y cuando tenga conocimiento de que existen en su fichero datos de car\u00e1cter personal de un menor, proceder\u00e1 de inmediato a cancelar dichos datos.<\/span><\/p>\n<p><span>5.\u00a0<strong>Pol\u00edtica de Cookies<\/strong><\/span><br \/><span>Este sitio web puede utilizar cookies t\u00e9cnicas (peque\u00f1os archivos de informaci\u00f3n que el servidor env\u00eda al ordenador de quien accede a la p\u00e1gina) para llevar a cabo determinadas funciones que son consideradas imprescindibles para el correcto funcionamiento y visualizaci\u00f3n del sitio. Las cookies utilizadas tienen, en todo caso, car\u00e1cter temporal, con la \u00fanica finalidad de hacer m\u00e1s eficaz la navegaci\u00f3n, y desaparecen al terminar la sesi\u00f3n del usuario. En ning\u00fan caso, estas cookies proporcionan por s\u00ed mismas datos de car\u00e1cter personal y no se utilizar\u00e1n para la recogida de los mismos. Este sitio web no instalar\u00e1 cookies prescindibles sin el consentimiento previo del usuario.<\/span><\/p>\n<p><span>El USUARIO tiene la posibilidad de configurar su navegador para ser alertado de la recepci\u00f3n de cookies y para impedir su instalaci\u00f3n en su equipo. Por favor, consulte las instrucciones de su navegador para ampliar esta informaci\u00f3n.<\/span><\/p>\n<p><span>6.\u00a0<strong>Legislaci\u00f3n aplicable y jurisdicci\u00f3n<\/strong><\/span><br \/><span>La relaci\u00f3n con el USUARIO se regir\u00e1 por la normativa espa\u00f1ola vigente y cualquier controversia se someter\u00e1 a los Juzgados y tribunales que corresponda conforme a derecho.<\/span><\/p>\n<p>[\/et_pb_text][\/et_pb_column][\/et_pb_row][\/et_pb_section][et_pb_section fb_built=\u00bb1&#8243; _builder_version=\u00bb4.27.4&#8243; _module_preset=\u00bbdefault\u00bb global_colors_info=\u00bb{}\u00bb theme_builder_area=\u00bbpost_content\u00bb][et_pb_row _builder_version=\u00bb4.27.4&#8243; _module_preset=\u00bbdefault\u00bb global_colors_info=\u00bb{}\u00bb theme_builder_area=\u00bbpost_content\u00bb][et_pb_column type=\u00bb4_4&#8243; _builder_version=\u00bb4.27.4&#8243; _module_preset=\u00bbdefault\u00bb global_colors_info=\u00bb{}\u00bb theme_builder_area=\u00bbpost_content\u00bb][et_pb_image src=\u00bbhttps:\/\/construccionessantamariadelcastillo.es\/wp-content\/uploads\/2026\/04\/PUBLI-KIT.jpg\u00bb title_text=\u00bbPUBLI KIT\u00bb _builder_version=\u00bb4.27.4&#8243; _module_preset=\u00bbdefault\u00bb global_colors_info=\u00bb{}\u00bb theme_builder_area=\u00bbpost_content\u00bb][\/et_pb_image][\/et_pb_column][\/et_pb_row][\/et_pb_section][et_pb_section fb_built=\u00bb1&#8243; _builder_version=\u00bb4.27.4&#8243; _module_preset=\u00bbdefault\u00bb custom_margin=\u00bb-63px|||||\u00bb custom_padding=\u00bb||1px|||\u00bb global_colors_info=\u00bb{}\u00bb theme_builder_area=\u00bbpost_content\u00bb][et_pb_row column_structure=\u00bb1_5,3_5,1_5&#8243; _builder_version=\u00bb4.27.4&#8243; _module_preset=\u00bbdefault\u00bb global_colors_info=\u00bb{}\u00bb theme_builder_area=\u00bbpost_content\u00bb][et_pb_column type=\u00bb1_5&#8243; _builder_version=\u00bb4.27.4&#8243; _module_preset=\u00bbdefault\u00bb global_colors_info=\u00bb{}\u00bb theme_builder_area=\u00bbpost_content\u00bb][\/et_pb_column][et_pb_column type=\u00bb3_5&#8243; _builder_version=\u00bb4.27.4&#8243; _module_preset=\u00bbdefault\u00bb global_colors_info=\u00bb{}\u00bb theme_builder_area=\u00bbpost_content\u00bb][et_pb_image src=\u00bbhttps:\/\/construccionessantamariadelcastillo.es\/wp-content\/uploads\/2026\/04\/LOGO.png\u00bb title_text=\u00bbLOGO\u00bb align=\u00bbcenter\u00bb _builder_version=\u00bb4.27.4&#8243; _module_preset=\u00bbdefault\u00bb width=\u00bb40%\u00bb global_colors_info=\u00bb{}\u00bb theme_builder_area=\u00bbpost_content\u00bb][\/et_pb_image][et_pb_text _builder_version=\u00bb4.27.4&#8243; _module_preset=\u00bbdefault\u00bb text_font=\u00bbRubik||||||||\u00bb text_text_color=\u00bb#2a2a2a\u00bb text_font_size=\u00bb17px\u00bb text_orientation=\u00bbcenter\u00bb global_colors_info=\u00bb{}\u00bb theme_builder_area=\u00bbpost_content\u00bb]<\/p>\n<p>OBRA NUEVA Y REFORMAS<\/p>\n<p>676 007 640<\/p>\n<p><span style=\"color: #2a2a2a;\"><a href=\"mailto:csmdc@live.com\" style=\"color: #2a2a2a;\">csmdc@live.com<\/a><\/span><\/p>\n<p>C\/ Moradillo, 6, 34440, Fr\u00f3mista, Palencia<\/p>\n<p>[\/et_pb_text][\/et_pb_column][et_pb_column type=\u00bb1_5&#8243; _builder_version=\u00bb4.27.4&#8243; _module_preset=\u00bbdefault\u00bb global_colors_info=\u00bb{}\u00bb theme_builder_area=\u00bbpost_content\u00bb][\/et_pb_column][\/et_pb_row][\/et_pb_section]<\/p>\n","protected":false},"excerpt":{"rendered":"<p>Aviso LegalDe acuerdo con el art\u00edculo 10 de la Ley 34\/2002, de 11 de julio, de Servicios de la Sociedad de la Informaci\u00f3n y de Comercio o Electr\u00f3nico (LSSICE) a continuaci\u00f3n se detallan los datos identificativos de la empresa la cual es responsable \u00fanico y exclusivo en relaci\u00f3n a la veracidad de la informaci\u00f3n contenida [&hellip;]<\/p>\n","protected":false},"author":1,"featured_media":0,"parent":0,"menu_order":0,"comment_status":"closed","ping_status":"closed","template":"","meta":{"_et_pb_use_builder":"on","_et_pb_old_content":"","_et_gb_content_width":"","footnotes":""},"class_list":["post-2942","page","type-page","status-publish","hentry"],"yoast_head":"<!-- This site is optimized with the Yoast SEO plugin v27.3 - https:\/\/yoast.com\/product\/yoast-seo-wordpress\/ -->\n<title>Aviso Legal - Construcciones Santa Mar\u00eda del Castillo<\/title>\n<meta name=\"robots\" content=\"index, follow, max-snippet:-1, max-image-preview:large, max-video-preview:-1\" \/>\n<link rel=\"canonical\" href=\"https:\/\/construccionessantamariadelcastillo.es\/en\/aviso-legal\/\" \/>\n<meta property=\"og:locale\" content=\"en_GB\" \/>\n<meta property=\"og:type\" content=\"article\" \/>\n<meta property=\"og:title\" content=\"Aviso Legal - Construcciones Santa Mar\u00eda del Castillo\" \/>\n<meta property=\"og:description\" content=\"Aviso LegalDe acuerdo con el art\u00edculo 10 de la Ley 34\/2002, de 11 de julio, de Servicios de la Sociedad de la Informaci\u00f3n y de Comercio o Electr\u00f3nico (LSSICE) a continuaci\u00f3n se detallan los datos identificativos de la empresa la cual es responsable \u00fanico y exclusivo en relaci\u00f3n a la veracidad de la informaci\u00f3n contenida [&hellip;]\" \/>\n<meta property=\"og:url\" content=\"https:\/\/construccionessantamariadelcastillo.es\/en\/aviso-legal\/\" \/>\n<meta property=\"og:site_name\" content=\"Construcciones Santa Mar\u00eda del Castillo\" \/>\n<meta property=\"article:modified_time\" content=\"2026-04-13T07:53:42+00:00\" \/>\n<meta name=\"twitter:card\" content=\"summary_large_image\" \/>\n<meta name=\"twitter:label1\" content=\"Est. reading time\" \/>\n\t<meta name=\"twitter:data1\" content=\"9 minutes\" \/>\n<script type=\"application\/ld+json\" class=\"yoast-schema-graph\">{\"@context\":\"https:\\\/\\\/schema.org\",\"@graph\":[{\"@type\":\"WebPage\",\"@id\":\"https:\\\/\\\/construccionessantamariadelcastillo.es\\\/aviso-legal\\\/\",\"url\":\"https:\\\/\\\/construccionessantamariadelcastillo.es\\\/aviso-legal\\\/\",\"name\":\"Aviso Legal - Construcciones Santa Mar\u00eda del Castillo\",\"isPartOf\":{\"@id\":\"https:\\\/\\\/construccionessantamariadelcastillo.es\\\/#website\"},\"datePublished\":\"2026-04-13T07:46:18+00:00\",\"dateModified\":\"2026-04-13T07:53:42+00:00\",\"breadcrumb\":{\"@id\":\"https:\\\/\\\/construccionessantamariadelcastillo.es\\\/aviso-legal\\\/#breadcrumb\"},\"inLanguage\":\"en-GB\",\"potentialAction\":[{\"@type\":\"ReadAction\",\"target\":[\"https:\\\/\\\/construccionessantamariadelcastillo.es\\\/aviso-legal\\\/\"]}]},{\"@type\":\"BreadcrumbList\",\"@id\":\"https:\\\/\\\/construccionessantamariadelcastillo.es\\\/aviso-legal\\\/#breadcrumb\",\"itemListElement\":[{\"@type\":\"ListItem\",\"position\":1,\"name\":\"Portada\",\"item\":\"https:\\\/\\\/construccionessantamariadelcastillo.es\\\/\"},{\"@type\":\"ListItem\",\"position\":2,\"name\":\"Aviso Legal\"}]},{\"@type\":\"WebSite\",\"@id\":\"https:\\\/\\\/construccionessantamariadelcastillo.es\\\/#website\",\"url\":\"https:\\\/\\\/construccionessantamariadelcastillo.es\\\/\",\"name\":\"Construcciones Santa Mar\u00eda del Castillo\",\"description\":\"Construcciones Santa Mar\u00eda del Castillo es una empresa especializada en todo tipo de construcciones, como reformas, alba\u00f1iler\u00eda, obra nueva, viviendas y locales. Ubicada en Fr\u00f3mista, Palencia.\",\"publisher\":{\"@id\":\"https:\\\/\\\/construccionessantamariadelcastillo.es\\\/#organization\"},\"potentialAction\":[{\"@type\":\"SearchAction\",\"target\":{\"@type\":\"EntryPoint\",\"urlTemplate\":\"https:\\\/\\\/construccionessantamariadelcastillo.es\\\/?s={search_term_string}\"},\"query-input\":{\"@type\":\"PropertyValueSpecification\",\"valueRequired\":true,\"valueName\":\"search_term_string\"}}],\"inLanguage\":\"en-GB\"},{\"@type\":\"Organization\",\"@id\":\"https:\\\/\\\/construccionessantamariadelcastillo.es\\\/#organization\",\"name\":\"Construcciones Santa Mar\u00eda del Castillo\",\"url\":\"https:\\\/\\\/construccionessantamariadelcastillo.es\\\/\",\"logo\":{\"@type\":\"ImageObject\",\"inLanguage\":\"en-GB\",\"@id\":\"https:\\\/\\\/construccionessantamariadelcastillo.es\\\/#\\\/schema\\\/logo\\\/image\\\/\",\"url\":\"https:\\\/\\\/construccionessantamariadelcastillo.es\\\/wp-content\\\/uploads\\\/2026\\\/04\\\/LOGO.png\",\"contentUrl\":\"https:\\\/\\\/construccionessantamariadelcastillo.es\\\/wp-content\\\/uploads\\\/2026\\\/04\\\/LOGO.png\",\"width\":752,\"height\":280,\"caption\":\"Construcciones Santa Mar\u00eda del Castillo\"},\"image\":{\"@id\":\"https:\\\/\\\/construccionessantamariadelcastillo.es\\\/#\\\/schema\\\/logo\\\/image\\\/\"}}]}<\/script>\n<!-- \/ Yoast SEO plugin. -->","yoast_head_json":{"title":"Aviso Legal - Construcciones Santa Mar\u00eda del Castillo","robots":{"index":"index","follow":"follow","max-snippet":"max-snippet:-1","max-image-preview":"max-image-preview:large","max-video-preview":"max-video-preview:-1"},"canonical":"https:\/\/construccionessantamariadelcastillo.es\/en\/aviso-legal\/","og_locale":"en_GB","og_type":"article","og_title":"Aviso Legal - Construcciones Santa Mar\u00eda del Castillo","og_description":"Aviso LegalDe acuerdo con el art\u00edculo 10 de la Ley 34\/2002, de 11 de julio, de Servicios de la Sociedad de la Informaci\u00f3n y de Comercio o Electr\u00f3nico (LSSICE) a continuaci\u00f3n se detallan los datos identificativos de la empresa la cual es responsable \u00fanico y exclusivo en relaci\u00f3n a la veracidad de la informaci\u00f3n contenida [&hellip;]","og_url":"https:\/\/construccionessantamariadelcastillo.es\/en\/aviso-legal\/","og_site_name":"Construcciones Santa Mar\u00eda del Castillo","article_modified_time":"2026-04-13T07:53:42+00:00","twitter_card":"summary_large_image","twitter_misc":{"Est. reading time":"9 minutes"},"schema":{"@context":"https:\/\/schema.org","@graph":[{"@type":"WebPage","@id":"https:\/\/construccionessantamariadelcastillo.es\/aviso-legal\/","url":"https:\/\/construccionessantamariadelcastillo.es\/aviso-legal\/","name":"Aviso Legal - Construcciones Santa Mar\u00eda del Castillo","isPartOf":{"@id":"https:\/\/construccionessantamariadelcastillo.es\/#website"},"datePublished":"2026-04-13T07:46:18+00:00","dateModified":"2026-04-13T07:53:42+00:00","breadcrumb":{"@id":"https:\/\/construccionessantamariadelcastillo.es\/aviso-legal\/#breadcrumb"},"inLanguage":"en-GB","potentialAction":[{"@type":"ReadAction","target":["https:\/\/construccionessantamariadelcastillo.es\/aviso-legal\/"]}]},{"@type":"BreadcrumbList","@id":"https:\/\/construccionessantamariadelcastillo.es\/aviso-legal\/#breadcrumb","itemListElement":[{"@type":"ListItem","position":1,"name":"Portada","item":"https:\/\/construccionessantamariadelcastillo.es\/"},{"@type":"ListItem","position":2,"name":"Aviso Legal"}]},{"@type":"WebSite","@id":"https:\/\/construccionessantamariadelcastillo.es\/#website","url":"https:\/\/construccionessantamariadelcastillo.es\/","name":"Construcciones Santa Mar\u00eda del Castillo","description":"Construcciones Santa Mar\u00eda del Castillo es una empresa especializada en todo tipo de construcciones, como reformas, alba\u00f1iler\u00eda, obra nueva, viviendas y locales. Ubicada en Fr\u00f3mista, Palencia.","publisher":{"@id":"https:\/\/construccionessantamariadelcastillo.es\/#organization"},"potentialAction":[{"@type":"SearchAction","target":{"@type":"EntryPoint","urlTemplate":"https:\/\/construccionessantamariadelcastillo.es\/?s={search_term_string}"},"query-input":{"@type":"PropertyValueSpecification","valueRequired":true,"valueName":"search_term_string"}}],"inLanguage":"en-GB"},{"@type":"Organization","@id":"https:\/\/construccionessantamariadelcastillo.es\/#organization","name":"Construcciones Santa Mar\u00eda del Castillo","url":"https:\/\/construccionessantamariadelcastillo.es\/","logo":{"@type":"ImageObject","inLanguage":"en-GB","@id":"https:\/\/construccionessantamariadelcastillo.es\/#\/schema\/logo\/image\/","url":"https:\/\/construccionessantamariadelcastillo.es\/wp-content\/uploads\/2026\/04\/LOGO.png","contentUrl":"https:\/\/construccionessantamariadelcastillo.es\/wp-content\/uploads\/2026\/04\/LOGO.png","width":752,"height":280,"caption":"Construcciones Santa Mar\u00eda del Castillo"},"image":{"@id":"https:\/\/construccionessantamariadelcastillo.es\/#\/schema\/logo\/image\/"}}]}},"_links":{"self":[{"href":"https:\/\/construccionessantamariadelcastillo.es\/en\/wp-json\/wp\/v2\/pages\/2942","targetHints":{"allow":["GET"]}}],"collection":[{"href":"https:\/\/construccionessantamariadelcastillo.es\/en\/wp-json\/wp\/v2\/pages"}],"about":[{"href":"https:\/\/construccionessantamariadelcastillo.es\/en\/wp-json\/wp\/v2\/types\/page"}],"author":[{"embeddable":true,"href":"https:\/\/construccionessantamariadelcastillo.es\/en\/wp-json\/wp\/v2\/users\/1"}],"replies":[{"embeddable":true,"href":"https:\/\/construccionessantamariadelcastillo.es\/en\/wp-json\/wp\/v2\/comments?post=2942"}],"version-history":[{"count":6,"href":"https:\/\/construccionessantamariadelcastillo.es\/en\/wp-json\/wp\/v2\/pages\/2942\/revisions"}],"predecessor-version":[{"id":2949,"href":"https:\/\/construccionessantamariadelcastillo.es\/en\/wp-json\/wp\/v2\/pages\/2942\/revisions\/2949"}],"wp:attachment":[{"href":"https:\/\/construccionessantamariadelcastillo.es\/en\/wp-json\/wp\/v2\/media?parent=2942"}],"curies":[{"name":"wp","href":"https:\/\/api.w.org\/{rel}","templated":true}]}}