{"id":2950,"date":"2026-04-13T09:54:28","date_gmt":"2026-04-13T07:54:28","guid":{"rendered":"https:\/\/construccionessantamariadelcastillo.es\/?page_id=2950"},"modified":"2026-04-13T09:59:16","modified_gmt":"2026-04-13T07:59:16","slug":"politica-de-privacidad","status":"publish","type":"page","link":"https:\/\/construccionessantamariadelcastillo.es\/en\/politica-de-privacidad\/","title":{"rendered":"Privacy policy"},"content":{"rendered":"<p>[et_pb_section fb_built=\u00bb1&#8243; admin_label=\u00bbProject Details\u00bb _builder_version=\u00bb4.16&#8243; custom_padding=\u00bb0px||0px||true|\u00bb global_colors_info=\u00bb{}\u00bb theme_builder_area=\u00bbpost_content\u00bb][et_pb_row column_structure=\u00bb1_2,1_2&#8243; _builder_version=\u00bb4.27.4&#8243; global_colors_info=\u00bb{}\u00bb theme_builder_area=\u00bbpost_content\u00bb][et_pb_column type=\u00bb1_2&#8243; _builder_version=\u00bb4.27.4&#8243; custom_padding=\u00bb|||\u00bb global_colors_info=\u00bb{}\u00bb custom_padding__hover=\u00bb|||\u00bb theme_builder_area=\u00bbpost_content\u00bb][et_pb_text _builder_version=\u00bb4.27.4&#8243; text_font=\u00bb||||||||\u00bb link_font=\u00bb||||||||\u00bb ul_font=\u00bb||||||||\u00bb ol_font=\u00bb||||||||\u00bb quote_font=\u00bb||||||||\u00bb header_font=\u00bb||||||||\u00bb header_2_font=\u00bbRubik|700|||||||\u00bb header_2_font_size=\u00bb42px\u00bb header_2_line_height=\u00bb1.2em\u00bb module_alignment=\u00bbcenter\u00bb custom_margin=\u00bb|||\u00bb custom_padding=\u00bb|||\u00bb header_2_font_size_tablet=\u00bb\u00bb header_2_font_size_phone=\u00bb36px\u00bb header_2_font_size_last_edited=\u00bbon|phone\u00bb locked=\u00bboff\u00bb global_colors_info=\u00bb{}\u00bb theme_builder_area=\u00bbpost_content\u00bb]<\/p>\n<h2>Pol\u00edtica de Privacidad<\/h2>\n<p>[\/et_pb_text][et_pb_divider color=\u00bb#ffb400&#8243; divider_position=\u00bbcenter\u00bb divider_weight=\u00bb5px\u00bb _builder_version=\u00bb4.16&#8243; max_width=\u00bb50px\u00bb locked=\u00bboff\u00bb global_colors_info=\u00bb{}\u00bb theme_builder_area=\u00bbpost_content\u00bb][\/et_pb_divider][\/et_pb_column][et_pb_column type=\u00bb1_2&#8243; _builder_version=\u00bb4.16&#8243; custom_padding=\u00bb|||\u00bb global_colors_info=\u00bb{}\u00bb custom_padding__hover=\u00bb|||\u00bb theme_builder_area=\u00bbpost_content\u00bb][\/et_pb_column][\/et_pb_row][et_pb_row _builder_version=\u00bb4.27.4&#8243; _module_preset=\u00bbdefault\u00bb custom_margin=\u00bb-28px|auto||auto||\u00bb global_colors_info=\u00bb{}\u00bb theme_builder_area=\u00bbpost_content\u00bb][et_pb_column type=\u00bb4_4&#8243; _builder_version=\u00bb4.27.4&#8243; _module_preset=\u00bbdefault\u00bb global_colors_info=\u00bb{}\u00bb theme_builder_area=\u00bbpost_content\u00bb][et_pb_text _builder_version=\u00bb4.27.4&#8243; _module_preset=\u00bbdefault\u00bb text_text_color=\u00bb#2a2a2a\u00bb custom_margin=\u00bb15px|||||\u00bb hover_enabled=\u00bb0&#8243; global_colors_info=\u00bb{}\u00bb theme_builder_area=\u00bbpost_content\u00bb sticky_enabled=\u00bb0&#8243;]<\/p>\n<p><span>A los efectos del cumplimiento del Reglamento (UE) 2016\/679 del Parlamento Europeo, de 27 de abril (GDPR), y la Ley Org\u00e1nica 3\/2018, de Protecci\u00f3n de Datos Personales y garant\u00eda de los derechos digitales de 5 de diciembre (LOPDGDD), se establece la siguiente informaci\u00f3n:<\/span><\/p>\n<p><span><strong>Responsable Tratamiento<\/strong><\/span><br \/><span>Raz\u00f3n social: <strong>CONSTRUCCIONES SANTA MAR\u00cdNA DEL CASTILLO, S.L<\/strong><\/span><br \/><span>NIF: <strong>B34144410<\/strong><\/span><br \/><span>Direcci\u00f3n:\u00a0<strong>C\/ DMORADILLO, 6, 34440, FR\u00d3MISTA, PALENCIA.<\/strong><\/span><br \/><span>Correo:\u00a0<strong>csmdc@live.com<\/strong><\/span><br \/><span><strong><\/strong><\/span><\/p>\n<p><span><strong>Finalidad<\/strong><\/span><br \/><span>Se trata la informaci\u00f3n que nos facilitan las personas interesadas a trav\u00e9s de cualquiera de los diferentes formularios que se ponen a su disposici\u00f3n en la p\u00e1gina web, con el fin de gestionar el env\u00edo de la informaci\u00f3n que nos soliciten, pudiendo elaborarse, de ser necesario, un perfil comercial, en base a la informaci\u00f3n facilitada. No se tomar\u00e1n decisiones automatizadas en base a dicho perfil. Los datos personales proporcionados se conservar\u00e1n mientras se mantenga la relaci\u00f3n mercantil, y no se solicite su supresi\u00f3n por el interesado.<\/span><br \/><span><strong><\/strong><\/span><\/p>\n<p><span><strong>Legitimaci\u00f3n<\/strong><\/span><br \/><span>Se solicita el consentimiento del interesado para el tratamiento de sus datos y la oferta prospectiva de productos y servicios.<\/span><\/p>\n<p><span><strong>Destinatarios<\/strong><\/span><br \/><span>Los datos personales no se ceder\u00e1n a terceros, salvo en su caso, otras empresas de grupo para fines administrativos internos.<\/span><\/p>\n<p><span><strong>Derechos<\/strong><\/span><br \/><span>Los interesados \u200b\u200btienen derecho a acceder a sus datos personales, as\u00ed como a solicitar la rectificaci\u00f3n de los datos inexactos o, en su caso, solicitar su supresi\u00f3n cuando los datos ya no sean necesarios para los fines que fueron recogidos. Los interesados \u200b\u200ben determinadas circunstancias tambi\u00e9n podr\u00e1n limitar u oponerse al tratamiento de sus datos, as\u00ed como solicitar la portabilidad de los mismos. Tambi\u00e9n tendr\u00e1 derecho a retirar su consentimiento y a presentar una queja ante la Autoridad de Control. Para ejercer sus derechos deber\u00e1 dirigirse al Responsable en la direcci\u00f3n que figura en el primer cuadro, acompa\u00f1ado de copia del documento de identidad del interesado.<\/span><\/p>\n<p><span><strong>1. \u00bfQui\u00e9n es el responsable del tratamiento de tus datos personales?<\/strong><\/span><br \/><span><strong>CONSTRUCIONES SANTA MAR\u00cdA DEL CASTILLO S.L <\/strong>con NIF:\u00a0<strong>1B34144410<\/strong>, direcci\u00f3n en\u00a0<strong>C\/ MORADILLO, 6, 34440, FR\u00d3MISTA, PALENCIA, <\/strong>con correo electr\u00f3nico: <a href=\"mailto:csmdc@live.com\">csmdc@live.com<\/a><\/span><span><strong>\u00a0<\/strong>es el RESPONSABLE del tratamiento de los datos personales del USUARIO y le informa de que estos datos ser\u00e1n tratados de conformidad con lo dispuesto en el Reglamento (UE) 2016\/679, de 27 de abril (GDPR), y la Ley Org\u00e1nica 3\/2018, de 5 de diciembre (LOPDGDD).<\/span><\/p>\n<p><span><strong>2. \u00bfCon qu\u00e9 finalidad se tratan los datos y cu\u00e1l es la base que legitima el tratamiento?<\/strong><\/span><br \/><span>Se trata la informaci\u00f3n que nos facilitan las personas interesadas con el fin de gestionar el env\u00edo de la informaci\u00f3n que nos soliciten, pudiendo elaborarse, de ser necesario, un perfil comercial, en base a la informaci\u00f3n facilitada. Tramitar encargos, solicitudes, dar respuesta a las consultas o cualquier tipo de petici\u00f3n que sea realizada por el USUARIO a trav\u00e9s de cualquiera de las formas de contacto que se ponen a su disposici\u00f3n en la p\u00e1gina web del RESPONSABLE.<\/span><\/p>\n<p><span><strong>3. \u00bfCu\u00e1nto tiempo se conservan los datos?<\/strong><\/span><br \/><span>Los datos personales proporcionados se conservar\u00e1n mientras se mantenga la relaci\u00f3n mercantil, y no se solicite su supresi\u00f3n por el interesado. Cuando ya no sea necesario, se suprimir\u00e1n con las medidas de seguridad adecuadas.<\/span><\/p>\n<p><span><strong>4. \u00bfQu\u00e9 derechos existen y c\u00f3mo ejercerlos?<\/strong><\/span><br \/><span>Las personas interesadas tienen derecho a acceder a sus datos personales, as\u00ed como a solicitar la rectificaci\u00f3n de los datos inexactos o, en su caso, solicitar su supresi\u00f3n cuando, los datos ya no sean necesarios para los fines que fueron recogidos. Tambi\u00e9n los interesados en determinadas circunstancias podr\u00e1n oponerse al tratamiento de sus datos. Tambi\u00e9n tendr\u00e1 derecho a retirar el consentimiento prestado y a reclamar ante la Autoridad de Control.<\/span><\/p>\n<p><span>Para ejercer sus derechos deber\u00e1 ponerse en contacto con el Responsable en la direcci\u00f3n Calle Jazm\u00edn, 14 Pol\u00edgono de la Asunci\u00f3n 34419 Villalob\u00f3n Palencia acompa\u00f1ado de copia documento de identidad del interesado.<\/span><\/p>\n<p><span>La normativa vigente de protecci\u00f3n de datos le ampara en una serie de derechos en relaci\u00f3n al uso que le damos a sus datos. Todos y cada uno de sus derechos son unipersonales e intransferibles, es decir, que \u00fanicamente pueden ser realizados por el titular de los datos, previa comprobaci\u00f3n de su identidad.<\/span><\/p>\n<p><span>A continuaci\u00f3n le indicamos cuales son los derechos que le asisten:<\/span><\/p>\n<ul>\n<li><span>Solicitar el ACCESO a sus datos personales.<\/span><\/li>\n<li><span>Solicitar la RECTIFICACION de sus datos.<\/span><\/li>\n<li><span>Solicitar la SUPRESI\u00d3N o eliminaci\u00f3n de sus datos (derecho al \u00abolvido\u00bb).<\/span><\/li>\n<li><span>LIMITAR u OPONERSE al uso que le damos a sus datos.<\/span><\/li>\n<li><span>Derecho a la PORTABILIDAD de sus datos para casos de servicios de telecomunicaciones o internet.<\/span><\/li>\n<li><span>Derecho a RETIRAR su consentimiento en cualquier momento.<\/span><\/li>\n<li><span>Tendr\u00e1 derecho a presentar una reclamaci\u00f3n ante la Agencia Espa\u00f1ola de Protecci\u00f3n de Datos a trav\u00e9s de www.aepd.es.<\/span><br \/><span>Para el ejercicio de sus derechos de acceso, rectificaci\u00f3n, supresi\u00f3n, limitaci\u00f3n u oposici\u00f3n, portabilidad y retirada de su consentimiento, deber\u00e1 ponerse en contacto con el Responsable en la direcci\u00f3n\u00a0<strong>C\/ MORADILLO, 6, 34440, FR\u00d3MISTA PALENCIA.<\/strong><\/span><\/li>\n<\/ul>\n<p><span><strong>5. \u00bfA qui\u00e9n facilitamos tus datos personales? Destinatarios<\/strong><\/span><br \/><span>Los datos personales no se ceder\u00e1n a terceros, salvo en su caso, otras empresas de grupo para fines administrativos internos o salvo obligaci\u00f3n legal.<\/span><\/p>\n<p><span><strong>6. \u00bfSe toman decisiones automatizadas?<\/strong><\/span><br \/><span>No se tomar\u00e1n decisiones automatizadas en base al perfil comercial.<\/span><\/p>\n<p><span><strong>7. \u00bfSe realizan transferencias internacionales de datos?<\/strong><\/span><br \/><span>No realizamos transferencias internacionales de sus datos<\/span><\/p>\n<p><span><strong>8. \u00bfPor qu\u00e9 motivo podemos tratar tus datos personales?<\/strong><\/span><br \/><span>Se solicita el consentimiento del interesado para el tratamiento de sus datos y la oferta prospectiva de productos y servicios. Los datos personales obtenidos a trav\u00e9s de los formularios del sitio web ser\u00e1n tratados \u00fanicamente en base al consentimiento otorgado por el interesado, a trav\u00e9s de la aceptaci\u00f3n de la casilla dispuesta para tal fin. Este consentimiento puede ser retirado en cualquier momento.<\/span><\/p>\n<p><span>Inter\u00e9s leg\u00edtimo del responsable. La informaci\u00f3n estad\u00edstica obtenida del sitio web ser\u00e1 tratada en base al inter\u00e9s leg\u00edtimo del responsable. Esta informaci\u00f3n no permite identificar al usuario.<\/span><\/p>\n<p>[\/et_pb_text][\/et_pb_column][\/et_pb_row][\/et_pb_section][et_pb_section fb_built=\u00bb1&#8243; _builder_version=\u00bb4.27.4&#8243; _module_preset=\u00bbdefault\u00bb global_colors_info=\u00bb{}\u00bb theme_builder_area=\u00bbpost_content\u00bb][et_pb_row _builder_version=\u00bb4.27.4&#8243; _module_preset=\u00bbdefault\u00bb global_colors_info=\u00bb{}\u00bb theme_builder_area=\u00bbpost_content\u00bb][et_pb_column type=\u00bb4_4&#8243; _builder_version=\u00bb4.27.4&#8243; _module_preset=\u00bbdefault\u00bb global_colors_info=\u00bb{}\u00bb theme_builder_area=\u00bbpost_content\u00bb][et_pb_image src=\u00bbhttps:\/\/construccionessantamariadelcastillo.es\/wp-content\/uploads\/2026\/04\/PUBLI-KIT.jpg\u00bb title_text=\u00bbPUBLI KIT\u00bb _builder_version=\u00bb4.27.4&#8243; _module_preset=\u00bbdefault\u00bb global_colors_info=\u00bb{}\u00bb theme_builder_area=\u00bbpost_content\u00bb][\/et_pb_image][\/et_pb_column][\/et_pb_row][\/et_pb_section][et_pb_section fb_built=\u00bb1&#8243; _builder_version=\u00bb4.27.4&#8243; _module_preset=\u00bbdefault\u00bb custom_margin=\u00bb-63px|||||\u00bb custom_padding=\u00bb||1px|||\u00bb global_colors_info=\u00bb{}\u00bb theme_builder_area=\u00bbpost_content\u00bb][et_pb_row column_structure=\u00bb1_5,3_5,1_5&#8243; _builder_version=\u00bb4.27.4&#8243; _module_preset=\u00bbdefault\u00bb global_colors_info=\u00bb{}\u00bb theme_builder_area=\u00bbpost_content\u00bb][et_pb_column type=\u00bb1_5&#8243; _builder_version=\u00bb4.27.4&#8243; _module_preset=\u00bbdefault\u00bb global_colors_info=\u00bb{}\u00bb theme_builder_area=\u00bbpost_content\u00bb][\/et_pb_column][et_pb_column type=\u00bb3_5&#8243; _builder_version=\u00bb4.27.4&#8243; _module_preset=\u00bbdefault\u00bb global_colors_info=\u00bb{}\u00bb theme_builder_area=\u00bbpost_content\u00bb][et_pb_image src=\u00bbhttps:\/\/construccionessantamariadelcastillo.es\/wp-content\/uploads\/2026\/04\/LOGO.png\u00bb title_text=\u00bbLOGO\u00bb align=\u00bbcenter\u00bb _builder_version=\u00bb4.27.4&#8243; _module_preset=\u00bbdefault\u00bb width=\u00bb40%\u00bb global_colors_info=\u00bb{}\u00bb theme_builder_area=\u00bbpost_content\u00bb][\/et_pb_image][et_pb_text _builder_version=\u00bb4.27.4&#8243; _module_preset=\u00bbdefault\u00bb text_font=\u00bbRubik||||||||\u00bb text_text_color=\u00bb#2a2a2a\u00bb text_font_size=\u00bb17px\u00bb text_orientation=\u00bbcenter\u00bb global_colors_info=\u00bb{}\u00bb theme_builder_area=\u00bbpost_content\u00bb]<\/p>\n<p>OBRA NUEVA Y REFORMAS<\/p>\n<p>676 007 640<\/p>\n<p><span style=\"color: #2a2a2a;\"><a href=\"mailto:csmdc@live.com\" style=\"color: #2a2a2a;\">csmdc@live.com<\/a><\/span><\/p>\n<p>C\/ Moradillo, 6, 34440, Fr\u00f3mista, Palencia<\/p>\n<p>[\/et_pb_text][\/et_pb_column][et_pb_column type=\u00bb1_5&#8243; _builder_version=\u00bb4.27.4&#8243; _module_preset=\u00bbdefault\u00bb global_colors_info=\u00bb{}\u00bb theme_builder_area=\u00bbpost_content\u00bb][\/et_pb_column][\/et_pb_row][\/et_pb_section]<\/p>\n","protected":false},"excerpt":{"rendered":"<p>Pol\u00edtica de PrivacidadA los efectos del cumplimiento del Reglamento (UE) 2016\/679 del Parlamento Europeo, de 27 de abril (GDPR), y la Ley Org\u00e1nica 3\/2018, de Protecci\u00f3n de Datos Personales y garant\u00eda de los derechos digitales de 5 de diciembre (LOPDGDD), se establece la siguiente informaci\u00f3n: Responsable TratamientoRaz\u00f3n social: CONSTRUCCIONES SANTA MAR\u00cdNA DEL CASTILLO, S.LNIF: B34144410Direcci\u00f3n:\u00a0C\/ [&hellip;]<\/p>\n","protected":false},"author":1,"featured_media":0,"parent":0,"menu_order":0,"comment_status":"closed","ping_status":"closed","template":"","meta":{"_et_pb_use_builder":"on","_et_pb_old_content":"","_et_gb_content_width":"","footnotes":""},"class_list":["post-2950","page","type-page","status-publish","hentry"],"yoast_head":"<!-- This site is optimized with the Yoast SEO plugin v27.3 - https:\/\/yoast.com\/product\/yoast-seo-wordpress\/ -->\n<title>Pol\u00edtica de Privacidad - Construcciones Santa Mar\u00eda del Castillo<\/title>\n<meta name=\"robots\" content=\"index, follow, max-snippet:-1, max-image-preview:large, max-video-preview:-1\" \/>\n<link rel=\"canonical\" href=\"https:\/\/construccionessantamariadelcastillo.es\/en\/politica-de-privacidad\/\" \/>\n<meta property=\"og:locale\" content=\"en_GB\" \/>\n<meta property=\"og:type\" content=\"article\" \/>\n<meta property=\"og:title\" content=\"Pol\u00edtica de Privacidad - Construcciones Santa Mar\u00eda del Castillo\" \/>\n<meta property=\"og:description\" content=\"Pol\u00edtica de PrivacidadA los efectos del cumplimiento del Reglamento (UE) 2016\/679 del Parlamento Europeo, de 27 de abril (GDPR), y la Ley Org\u00e1nica 3\/2018, de Protecci\u00f3n de Datos Personales y garant\u00eda de los derechos digitales de 5 de diciembre (LOPDGDD), se establece la siguiente informaci\u00f3n: Responsable TratamientoRaz\u00f3n social: CONSTRUCCIONES SANTA MAR\u00cdNA DEL CASTILLO, S.LNIF: B34144410Direcci\u00f3n:\u00a0C\/ [&hellip;]\" \/>\n<meta property=\"og:url\" content=\"https:\/\/construccionessantamariadelcastillo.es\/en\/politica-de-privacidad\/\" \/>\n<meta property=\"og:site_name\" content=\"Construcciones Santa Mar\u00eda del Castillo\" \/>\n<meta property=\"article:modified_time\" content=\"2026-04-13T07:59:16+00:00\" \/>\n<meta name=\"twitter:card\" content=\"summary_large_image\" \/>\n<meta name=\"twitter:label1\" content=\"Est. reading time\" \/>\n\t<meta name=\"twitter:data1\" content=\"8 minutes\" \/>\n<script type=\"application\/ld+json\" class=\"yoast-schema-graph\">{\"@context\":\"https:\\\/\\\/schema.org\",\"@graph\":[{\"@type\":\"WebPage\",\"@id\":\"https:\\\/\\\/construccionessantamariadelcastillo.es\\\/politica-de-privacidad\\\/\",\"url\":\"https:\\\/\\\/construccionessantamariadelcastillo.es\\\/politica-de-privacidad\\\/\",\"name\":\"Pol\u00edtica de Privacidad - Construcciones Santa Mar\u00eda del Castillo\",\"isPartOf\":{\"@id\":\"https:\\\/\\\/construccionessantamariadelcastillo.es\\\/#website\"},\"datePublished\":\"2026-04-13T07:54:28+00:00\",\"dateModified\":\"2026-04-13T07:59:16+00:00\",\"breadcrumb\":{\"@id\":\"https:\\\/\\\/construccionessantamariadelcastillo.es\\\/politica-de-privacidad\\\/#breadcrumb\"},\"inLanguage\":\"en-GB\",\"potentialAction\":[{\"@type\":\"ReadAction\",\"target\":[\"https:\\\/\\\/construccionessantamariadelcastillo.es\\\/politica-de-privacidad\\\/\"]}]},{\"@type\":\"BreadcrumbList\",\"@id\":\"https:\\\/\\\/construccionessantamariadelcastillo.es\\\/politica-de-privacidad\\\/#breadcrumb\",\"itemListElement\":[{\"@type\":\"ListItem\",\"position\":1,\"name\":\"Portada\",\"item\":\"https:\\\/\\\/construccionessantamariadelcastillo.es\\\/\"},{\"@type\":\"ListItem\",\"position\":2,\"name\":\"Pol\u00edtica de Privacidad\"}]},{\"@type\":\"WebSite\",\"@id\":\"https:\\\/\\\/construccionessantamariadelcastillo.es\\\/#website\",\"url\":\"https:\\\/\\\/construccionessantamariadelcastillo.es\\\/\",\"name\":\"Construcciones Santa Mar\u00eda del Castillo\",\"description\":\"Construcciones Santa Mar\u00eda del Castillo es una empresa especializada en todo tipo de construcciones, como reformas, alba\u00f1iler\u00eda, obra nueva, viviendas y locales. Ubicada en Fr\u00f3mista, Palencia.\",\"publisher\":{\"@id\":\"https:\\\/\\\/construccionessantamariadelcastillo.es\\\/#organization\"},\"potentialAction\":[{\"@type\":\"SearchAction\",\"target\":{\"@type\":\"EntryPoint\",\"urlTemplate\":\"https:\\\/\\\/construccionessantamariadelcastillo.es\\\/?s={search_term_string}\"},\"query-input\":{\"@type\":\"PropertyValueSpecification\",\"valueRequired\":true,\"valueName\":\"search_term_string\"}}],\"inLanguage\":\"en-GB\"},{\"@type\":\"Organization\",\"@id\":\"https:\\\/\\\/construccionessantamariadelcastillo.es\\\/#organization\",\"name\":\"Construcciones Santa Mar\u00eda del Castillo\",\"url\":\"https:\\\/\\\/construccionessantamariadelcastillo.es\\\/\",\"logo\":{\"@type\":\"ImageObject\",\"inLanguage\":\"en-GB\",\"@id\":\"https:\\\/\\\/construccionessantamariadelcastillo.es\\\/#\\\/schema\\\/logo\\\/image\\\/\",\"url\":\"https:\\\/\\\/construccionessantamariadelcastillo.es\\\/wp-content\\\/uploads\\\/2026\\\/04\\\/LOGO.png\",\"contentUrl\":\"https:\\\/\\\/construccionessantamariadelcastillo.es\\\/wp-content\\\/uploads\\\/2026\\\/04\\\/LOGO.png\",\"width\":752,\"height\":280,\"caption\":\"Construcciones Santa Mar\u00eda del Castillo\"},\"image\":{\"@id\":\"https:\\\/\\\/construccionessantamariadelcastillo.es\\\/#\\\/schema\\\/logo\\\/image\\\/\"}}]}<\/script>\n<!-- \/ Yoast SEO plugin. -->","yoast_head_json":{"title":"Pol\u00edtica de Privacidad - Construcciones Santa Mar\u00eda del Castillo","robots":{"index":"index","follow":"follow","max-snippet":"max-snippet:-1","max-image-preview":"max-image-preview:large","max-video-preview":"max-video-preview:-1"},"canonical":"https:\/\/construccionessantamariadelcastillo.es\/en\/politica-de-privacidad\/","og_locale":"en_GB","og_type":"article","og_title":"Pol\u00edtica de Privacidad - Construcciones Santa Mar\u00eda del Castillo","og_description":"Pol\u00edtica de PrivacidadA los efectos del cumplimiento del Reglamento (UE) 2016\/679 del Parlamento Europeo, de 27 de abril (GDPR), y la Ley Org\u00e1nica 3\/2018, de Protecci\u00f3n de Datos Personales y garant\u00eda de los derechos digitales de 5 de diciembre (LOPDGDD), se establece la siguiente informaci\u00f3n: Responsable TratamientoRaz\u00f3n social: CONSTRUCCIONES SANTA MAR\u00cdNA DEL CASTILLO, S.LNIF: B34144410Direcci\u00f3n:\u00a0C\/ [&hellip;]","og_url":"https:\/\/construccionessantamariadelcastillo.es\/en\/politica-de-privacidad\/","og_site_name":"Construcciones Santa Mar\u00eda del Castillo","article_modified_time":"2026-04-13T07:59:16+00:00","twitter_card":"summary_large_image","twitter_misc":{"Est. reading time":"8 minutes"},"schema":{"@context":"https:\/\/schema.org","@graph":[{"@type":"WebPage","@id":"https:\/\/construccionessantamariadelcastillo.es\/politica-de-privacidad\/","url":"https:\/\/construccionessantamariadelcastillo.es\/politica-de-privacidad\/","name":"Pol\u00edtica de Privacidad - Construcciones Santa Mar\u00eda del Castillo","isPartOf":{"@id":"https:\/\/construccionessantamariadelcastillo.es\/#website"},"datePublished":"2026-04-13T07:54:28+00:00","dateModified":"2026-04-13T07:59:16+00:00","breadcrumb":{"@id":"https:\/\/construccionessantamariadelcastillo.es\/politica-de-privacidad\/#breadcrumb"},"inLanguage":"en-GB","potentialAction":[{"@type":"ReadAction","target":["https:\/\/construccionessantamariadelcastillo.es\/politica-de-privacidad\/"]}]},{"@type":"BreadcrumbList","@id":"https:\/\/construccionessantamariadelcastillo.es\/politica-de-privacidad\/#breadcrumb","itemListElement":[{"@type":"ListItem","position":1,"name":"Portada","item":"https:\/\/construccionessantamariadelcastillo.es\/"},{"@type":"ListItem","position":2,"name":"Pol\u00edtica de Privacidad"}]},{"@type":"WebSite","@id":"https:\/\/construccionessantamariadelcastillo.es\/#website","url":"https:\/\/construccionessantamariadelcastillo.es\/","name":"Construcciones Santa Mar\u00eda del Castillo","description":"Construcciones Santa Mar\u00eda del Castillo es una empresa especializada en todo tipo de construcciones, como reformas, alba\u00f1iler\u00eda, obra nueva, viviendas y locales. Ubicada en Fr\u00f3mista, Palencia.","publisher":{"@id":"https:\/\/construccionessantamariadelcastillo.es\/#organization"},"potentialAction":[{"@type":"SearchAction","target":{"@type":"EntryPoint","urlTemplate":"https:\/\/construccionessantamariadelcastillo.es\/?s={search_term_string}"},"query-input":{"@type":"PropertyValueSpecification","valueRequired":true,"valueName":"search_term_string"}}],"inLanguage":"en-GB"},{"@type":"Organization","@id":"https:\/\/construccionessantamariadelcastillo.es\/#organization","name":"Construcciones Santa Mar\u00eda del Castillo","url":"https:\/\/construccionessantamariadelcastillo.es\/","logo":{"@type":"ImageObject","inLanguage":"en-GB","@id":"https:\/\/construccionessantamariadelcastillo.es\/#\/schema\/logo\/image\/","url":"https:\/\/construccionessantamariadelcastillo.es\/wp-content\/uploads\/2026\/04\/LOGO.png","contentUrl":"https:\/\/construccionessantamariadelcastillo.es\/wp-content\/uploads\/2026\/04\/LOGO.png","width":752,"height":280,"caption":"Construcciones Santa Mar\u00eda del Castillo"},"image":{"@id":"https:\/\/construccionessantamariadelcastillo.es\/#\/schema\/logo\/image\/"}}]}},"_links":{"self":[{"href":"https:\/\/construccionessantamariadelcastillo.es\/en\/wp-json\/wp\/v2\/pages\/2950","targetHints":{"allow":["GET"]}}],"collection":[{"href":"https:\/\/construccionessantamariadelcastillo.es\/en\/wp-json\/wp\/v2\/pages"}],"about":[{"href":"https:\/\/construccionessantamariadelcastillo.es\/en\/wp-json\/wp\/v2\/types\/page"}],"author":[{"embeddable":true,"href":"https:\/\/construccionessantamariadelcastillo.es\/en\/wp-json\/wp\/v2\/users\/1"}],"replies":[{"embeddable":true,"href":"https:\/\/construccionessantamariadelcastillo.es\/en\/wp-json\/wp\/v2\/comments?post=2950"}],"version-history":[{"count":3,"href":"https:\/\/construccionessantamariadelcastillo.es\/en\/wp-json\/wp\/v2\/pages\/2950\/revisions"}],"predecessor-version":[{"id":2954,"href":"https:\/\/construccionessantamariadelcastillo.es\/en\/wp-json\/wp\/v2\/pages\/2950\/revisions\/2954"}],"wp:attachment":[{"href":"https:\/\/construccionessantamariadelcastillo.es\/en\/wp-json\/wp\/v2\/media?parent=2950"}],"curies":[{"name":"wp","href":"https:\/\/api.w.org\/{rel}","templated":true}]}}