{"id":2955,"date":"2026-04-13T10:00:17","date_gmt":"2026-04-13T08:00:17","guid":{"rendered":"https:\/\/construccionessantamariadelcastillo.es\/?page_id=2955"},"modified":"2026-04-13T10:02:41","modified_gmt":"2026-04-13T08:02:41","slug":"politica-de-cookies","status":"publish","type":"page","link":"https:\/\/construccionessantamariadelcastillo.es\/en\/politica-de-cookies\/","title":{"rendered":"Cookie policy"},"content":{"rendered":"<p>[et_pb_section fb_built=\u00bb1&#8243; admin_label=\u00bbProject Details\u00bb _builder_version=\u00bb4.16&#8243; custom_padding=\u00bb0px||0px||true|\u00bb global_colors_info=\u00bb{}\u00bb theme_builder_area=\u00bbpost_content\u00bb][et_pb_row column_structure=\u00bb1_2,1_2&#8243; _builder_version=\u00bb4.27.4&#8243; global_colors_info=\u00bb{}\u00bb theme_builder_area=\u00bbpost_content\u00bb][et_pb_column type=\u00bb1_2&#8243; _builder_version=\u00bb4.27.4&#8243; custom_padding=\u00bb|||\u00bb global_colors_info=\u00bb{}\u00bb custom_padding__hover=\u00bb|||\u00bb theme_builder_area=\u00bbpost_content\u00bb][et_pb_text _builder_version=\u00bb4.27.4&#8243; text_font=\u00bb||||||||\u00bb link_font=\u00bb||||||||\u00bb ul_font=\u00bb||||||||\u00bb ol_font=\u00bb||||||||\u00bb quote_font=\u00bb||||||||\u00bb header_font=\u00bb||||||||\u00bb header_2_font=\u00bbRubik|700|||||||\u00bb header_2_font_size=\u00bb42px\u00bb header_2_line_height=\u00bb1.2em\u00bb module_alignment=\u00bbcenter\u00bb custom_margin=\u00bb|||\u00bb custom_padding=\u00bb|||\u00bb header_2_font_size_tablet=\u00bb\u00bb header_2_font_size_phone=\u00bb36px\u00bb header_2_font_size_last_edited=\u00bbon|phone\u00bb locked=\u00bboff\u00bb global_colors_info=\u00bb{}\u00bb theme_builder_area=\u00bbpost_content\u00bb]<\/p>\n<h2>Pol\u00edtica de Cookies<\/h2>\n<p>[\/et_pb_text][et_pb_divider color=\u00bb#ffb400&#8243; divider_position=\u00bbcenter\u00bb divider_weight=\u00bb5px\u00bb _builder_version=\u00bb4.16&#8243; max_width=\u00bb50px\u00bb locked=\u00bboff\u00bb global_colors_info=\u00bb{}\u00bb theme_builder_area=\u00bbpost_content\u00bb][\/et_pb_divider][\/et_pb_column][et_pb_column type=\u00bb1_2&#8243; _builder_version=\u00bb4.16&#8243; custom_padding=\u00bb|||\u00bb global_colors_info=\u00bb{}\u00bb custom_padding__hover=\u00bb|||\u00bb theme_builder_area=\u00bbpost_content\u00bb][\/et_pb_column][\/et_pb_row][et_pb_row _builder_version=\u00bb4.27.4&#8243; _module_preset=\u00bbdefault\u00bb custom_margin=\u00bb-28px|auto||auto||\u00bb global_colors_info=\u00bb{}\u00bb theme_builder_area=\u00bbpost_content\u00bb][et_pb_column type=\u00bb4_4&#8243; _builder_version=\u00bb4.27.4&#8243; _module_preset=\u00bbdefault\u00bb global_colors_info=\u00bb{}\u00bb theme_builder_area=\u00bbpost_content\u00bb][et_pb_text _builder_version=\u00bb4.27.4&#8243; _module_preset=\u00bbdefault\u00bb text_text_color=\u00bb#2a2a2a\u00bb custom_margin=\u00bb15px|||||\u00bb hover_enabled=\u00bb0&#8243; global_colors_info=\u00bb{}\u00bb theme_builder_area=\u00bbpost_content\u00bb sticky_enabled=\u00bb0&#8243;]<\/p>\n<p><span>Este sitio web puede utilizar cookies t\u00e9cnicas (peque\u00f1os archivos de informaci\u00f3n que el servidor env\u00eda al ordenador de quien accede a la p\u00e1gina) para llevar a cabo determinadas funciones que son consideradas imprescindibles para el correcto funcionamiento y visualizaci\u00f3n del sitio. Las cookies utilizadas tienen, en todo caso, car\u00e1cter temporal, con la \u00fanica finalidad de hacer m\u00e1s eficaz la navegaci\u00f3n, y desaparecen al terminar la sesi\u00f3n del usuario. En ning\u00fan caso, estas cookies proporcionan por s\u00ed mismas datos de car\u00e1cter personal y no se utilizar\u00e1n para la recogida de los mismos. Este sitio web no instalar\u00e1 cookies prescindibles sin el consentimiento previo del usuario.<\/span><\/p>\n<p><span>El USUARIO tiene la posibilidad de configurar su navegador para ser alertado de la recepci\u00f3n de cookies y para impedir su instalaci\u00f3n en su equipo. Por favor, consulte las instrucciones de su navegador para ampliar esta informaci\u00f3n.<\/span><\/p>\n<p><span>Legislaci\u00f3n aplicable y jurisdicci\u00f3n<\/span><br \/><span>La relaci\u00f3n con el USUARIO se regir\u00e1 por la normativa espa\u00f1ola vigente y cualquier controversia se someter\u00e1 a los Juzgados y tribunales que corresponda conforme a derecho.<\/span><\/p>\n<p><span>Existen hojas de reclamaciones a disposici\u00f3n del consumidor en la direcci\u00f3n de\u00a0<strong>CONSTRUCCIONES SANTA MAR\u00cdA DEL CASTILLO S.L <\/strong>con NIF:\u00a0<strong>B34144410<\/strong>, direcci\u00f3n en\u00a0<strong>C\/ MORADILLO, 6, 34440, FR\u00d3MISTA, PALENCIA<\/strong>, pudiendo ponerse en contacto en cualquier momento en la direcci\u00f3n de correo electr\u00f3nico:\u00a0<strong>csmdc@live.com<\/strong><\/span><\/p>\n<p><span>De acuerdo a lo previsto en la legislaci\u00f3n nacional y comunitaria con respecto a protecci\u00f3n al consumidor, se ofrece la posibilidad de recurrir a un mecanismo de reclamaci\u00f3n y resoluci\u00f3n de conflicto en l\u00ednea, conforme al art\u00edculo 14 del Reglamento 524\/2013 de la UE. La Comisi\u00f3n facilita esta plataforma que est\u00e1 disponible en el siguiente enlace: https:\/\/ec.europa.eu\/consumers\/odr\/main\/index.cfm?event=main.home2.show&amp;lng=ES<\/span><\/p>\n<p><span><strong>\u00bfQu\u00e9 es una \u201cCookie\u201d?<\/strong><\/span><br \/><span>Las cookies son peque\u00f1os archivos de textos que se usan para almacenar informaci\u00f3n. Las cookies se almacenan en tu dispositivo cuando accedes a una p\u00e1gina web desde tu navegador. Estas cookies nos ayudan a que hacer funcionar la web, a hacerla m\u00e1s segura, a mejorar la experiencia de usuario y a entender c\u00f3mo se comporta la web y d\u00f3nde es necesario hacer mejoras o corregir errores.<\/span><\/p>\n<p><span>Utilizamos cookies propias y de terceros para mejorar el funcionamiento t\u00e9cnico de la web, analizar tu navegaci\u00f3n con fines estad\u00edsticos, personalizar tu experiencia o mostrar publicidad relacionada con tus preferencias.<\/span><\/p>\n<p><span>\u00bfPor qu\u00e9 debo permitir las cookies?<\/span><br \/><span>Al permitir las cookies, podr\u00e1s obtener una mejor experiencia en nuestro sitio web.<\/span><\/p>\n<p><span>Adem\u00e1s, hay algunas acciones b\u00e1sicas que requieren cookies, tales como la compra de una l\u00ednea de tel\u00e9fono o gestiones en el \u00e1rea de clientes.<\/span><\/p>\n<p><span>Por ejemplo, usamos cookies en los siguientes casos: \u2013 Cuando te logas en tu cuenta \u2013 Un hist\u00f3rico de tus preferencias para tu pr\u00f3xima visita \u2013 Proporcionar contenido personalizado<\/span><\/p>\n<p><span>\u00a0<\/span><\/p>\n<p><span><strong>Cookies propias<\/strong><\/span><\/p>\n<p><span>Las creadas o gestionadas por el responsable de la p\u00e1gina web.<\/span><\/p>\n<p><span>Finalidades t\u00e9cnicas: Son aqu\u00e9llas que permiten al usuario la navegaci\u00f3n a trav\u00e9s de una p\u00e1gina web, plataforma o aplicaci\u00f3n y la utilizaci\u00f3n de las diferentes opciones o servicios que en ella existan como, por ejemplo, controlar el tr\u00e1fico y la comunicaci\u00f3n de datos o almacenar contenidos para la difusi\u00f3n de videos o sonido.<\/span><\/p>\n<p><span>Finalidad de an\u00e1lisis: Son aqu\u00e9llas que permiten el seguimiento y an\u00e1lisis del comportamiento de los usuarios de la p\u00e1gina web, para la elaboraci\u00f3n de perfiles de navegaci\u00f3n, con el fin de introducir mejoras en funci\u00f3n del an\u00e1lisis de los datos de uso que se haga sobre la web. Entre otros datos, un identificador de usuario por sesi\u00f3n y la fecha de primera conexi\u00f3n a la web y de la ocasi\u00f3n anterior en la que accedi\u00f3 a la web.<\/span><\/p>\n<p><span><strong>Cookies de terceros<\/strong><\/span><\/p>\n<p><span>Son cookies servidas y administradas por prestadores de servicios publicitarios y\/o de an\u00e1lisis ajenos al responsable de la p\u00e1gina web.<\/span><\/p>\n<p><span>Estas cookies permiten la gesti\u00f3n eficaz y adaptada a las preferencias del usuario de campa\u00f1as publicitarias e informativas. Pueden almacenar informaci\u00f3n del comportamiento de los usuarios de qdq.com para desarrollar un perfil espec\u00edfico para mostrar publicidad en funci\u00f3n de sus intereses.<\/span><\/p>\n<p><span>Al final de esta p\u00e1gina, se detallan tanto los terceros que pueden configurar y acceder a cookies de su equipo (no exentas de informaci\u00f3n y consentimiento), como enlaces a la pol\u00edtica de privacidad de estos proveedores.<\/span><\/p>\n<p>[\/et_pb_text][\/et_pb_column][\/et_pb_row][\/et_pb_section][et_pb_section fb_built=\u00bb1&#8243; _builder_version=\u00bb4.27.4&#8243; _module_preset=\u00bbdefault\u00bb global_colors_info=\u00bb{}\u00bb theme_builder_area=\u00bbpost_content\u00bb][et_pb_row _builder_version=\u00bb4.27.4&#8243; _module_preset=\u00bbdefault\u00bb global_colors_info=\u00bb{}\u00bb theme_builder_area=\u00bbpost_content\u00bb][et_pb_column type=\u00bb4_4&#8243; _builder_version=\u00bb4.27.4&#8243; _module_preset=\u00bbdefault\u00bb global_colors_info=\u00bb{}\u00bb theme_builder_area=\u00bbpost_content\u00bb][et_pb_image src=\u00bbhttps:\/\/construccionessantamariadelcastillo.es\/wp-content\/uploads\/2026\/04\/PUBLI-KIT.jpg\u00bb title_text=\u00bbPUBLI KIT\u00bb _builder_version=\u00bb4.27.4&#8243; _module_preset=\u00bbdefault\u00bb global_colors_info=\u00bb{}\u00bb theme_builder_area=\u00bbpost_content\u00bb][\/et_pb_image][\/et_pb_column][\/et_pb_row][\/et_pb_section][et_pb_section fb_built=\u00bb1&#8243; _builder_version=\u00bb4.27.4&#8243; _module_preset=\u00bbdefault\u00bb custom_margin=\u00bb-63px|||||\u00bb custom_padding=\u00bb||1px|||\u00bb global_colors_info=\u00bb{}\u00bb theme_builder_area=\u00bbpost_content\u00bb][et_pb_row column_structure=\u00bb1_5,3_5,1_5&#8243; _builder_version=\u00bb4.27.4&#8243; _module_preset=\u00bbdefault\u00bb global_colors_info=\u00bb{}\u00bb theme_builder_area=\u00bbpost_content\u00bb][et_pb_column type=\u00bb1_5&#8243; _builder_version=\u00bb4.27.4&#8243; _module_preset=\u00bbdefault\u00bb global_colors_info=\u00bb{}\u00bb theme_builder_area=\u00bbpost_content\u00bb][\/et_pb_column][et_pb_column type=\u00bb3_5&#8243; _builder_version=\u00bb4.27.4&#8243; _module_preset=\u00bbdefault\u00bb global_colors_info=\u00bb{}\u00bb theme_builder_area=\u00bbpost_content\u00bb][et_pb_image src=\u00bbhttps:\/\/construccionessantamariadelcastillo.es\/wp-content\/uploads\/2026\/04\/LOGO.png\u00bb title_text=\u00bbLOGO\u00bb align=\u00bbcenter\u00bb _builder_version=\u00bb4.27.4&#8243; _module_preset=\u00bbdefault\u00bb width=\u00bb40%\u00bb global_colors_info=\u00bb{}\u00bb theme_builder_area=\u00bbpost_content\u00bb][\/et_pb_image][et_pb_text _builder_version=\u00bb4.27.4&#8243; _module_preset=\u00bbdefault\u00bb text_font=\u00bbRubik||||||||\u00bb text_text_color=\u00bb#2a2a2a\u00bb text_font_size=\u00bb17px\u00bb text_orientation=\u00bbcenter\u00bb global_colors_info=\u00bb{}\u00bb theme_builder_area=\u00bbpost_content\u00bb]<\/p>\n<p>OBRA NUEVA Y REFORMAS<\/p>\n<p>676 007 640<\/p>\n<p><span style=\"color: #2a2a2a;\"><a href=\"mailto:csmdc@live.com\" style=\"color: #2a2a2a;\">csmdc@live.com<\/a><\/span><\/p>\n<p>C\/ Moradillo, 6, 34440, Fr\u00f3mista, Palencia<\/p>\n<p>[\/et_pb_text][\/et_pb_column][et_pb_column type=\u00bb1_5&#8243; _builder_version=\u00bb4.27.4&#8243; _module_preset=\u00bbdefault\u00bb global_colors_info=\u00bb{}\u00bb theme_builder_area=\u00bbpost_content\u00bb][\/et_pb_column][\/et_pb_row][\/et_pb_section]<\/p>\n","protected":false},"excerpt":{"rendered":"<p>Pol\u00edtica de CookiesEste sitio web puede utilizar cookies t\u00e9cnicas (peque\u00f1os archivos de informaci\u00f3n que el servidor env\u00eda al ordenador de quien accede a la p\u00e1gina) para llevar a cabo determinadas funciones que son consideradas imprescindibles para el correcto funcionamiento y visualizaci\u00f3n del sitio. Las cookies utilizadas tienen, en todo caso, car\u00e1cter temporal, con la \u00fanica [&hellip;]<\/p>\n","protected":false},"author":1,"featured_media":0,"parent":0,"menu_order":0,"comment_status":"closed","ping_status":"closed","template":"","meta":{"_et_pb_use_builder":"on","_et_pb_old_content":"","_et_gb_content_width":"","footnotes":""},"class_list":["post-2955","page","type-page","status-publish","hentry"],"yoast_head":"<!-- This site is optimized with the Yoast SEO plugin v27.3 - https:\/\/yoast.com\/product\/yoast-seo-wordpress\/ -->\n<title>Pol\u00edtica de Cookies - Construcciones Santa Mar\u00eda del Castillo<\/title>\n<meta name=\"robots\" content=\"index, follow, max-snippet:-1, max-image-preview:large, max-video-preview:-1\" \/>\n<link rel=\"canonical\" href=\"https:\/\/construccionessantamariadelcastillo.es\/en\/politica-de-cookies\/\" \/>\n<meta property=\"og:locale\" content=\"en_GB\" \/>\n<meta property=\"og:type\" content=\"article\" \/>\n<meta property=\"og:title\" content=\"Pol\u00edtica de Cookies - Construcciones Santa Mar\u00eda del Castillo\" \/>\n<meta property=\"og:description\" content=\"Pol\u00edtica de CookiesEste sitio web puede utilizar cookies t\u00e9cnicas (peque\u00f1os archivos de informaci\u00f3n que el servidor env\u00eda al ordenador de quien accede a la p\u00e1gina) para llevar a cabo determinadas funciones que son consideradas imprescindibles para el correcto funcionamiento y visualizaci\u00f3n del sitio. Las cookies utilizadas tienen, en todo caso, car\u00e1cter temporal, con la \u00fanica [&hellip;]\" \/>\n<meta property=\"og:url\" content=\"https:\/\/construccionessantamariadelcastillo.es\/en\/politica-de-cookies\/\" \/>\n<meta property=\"og:site_name\" content=\"Construcciones Santa Mar\u00eda del Castillo\" \/>\n<meta property=\"article:modified_time\" content=\"2026-04-13T08:02:41+00:00\" \/>\n<meta name=\"twitter:card\" content=\"summary_large_image\" \/>\n<meta name=\"twitter:label1\" content=\"Est. reading time\" \/>\n\t<meta name=\"twitter:data1\" content=\"7 minutes\" \/>\n<script type=\"application\/ld+json\" class=\"yoast-schema-graph\">{\"@context\":\"https:\\\/\\\/schema.org\",\"@graph\":[{\"@type\":\"WebPage\",\"@id\":\"https:\\\/\\\/construccionessantamariadelcastillo.es\\\/politica-de-cookies\\\/\",\"url\":\"https:\\\/\\\/construccionessantamariadelcastillo.es\\\/politica-de-cookies\\\/\",\"name\":\"Pol\u00edtica de Cookies - Construcciones Santa Mar\u00eda del Castillo\",\"isPartOf\":{\"@id\":\"https:\\\/\\\/construccionessantamariadelcastillo.es\\\/#website\"},\"datePublished\":\"2026-04-13T08:00:17+00:00\",\"dateModified\":\"2026-04-13T08:02:41+00:00\",\"breadcrumb\":{\"@id\":\"https:\\\/\\\/construccionessantamariadelcastillo.es\\\/politica-de-cookies\\\/#breadcrumb\"},\"inLanguage\":\"en-GB\",\"potentialAction\":[{\"@type\":\"ReadAction\",\"target\":[\"https:\\\/\\\/construccionessantamariadelcastillo.es\\\/politica-de-cookies\\\/\"]}]},{\"@type\":\"BreadcrumbList\",\"@id\":\"https:\\\/\\\/construccionessantamariadelcastillo.es\\\/politica-de-cookies\\\/#breadcrumb\",\"itemListElement\":[{\"@type\":\"ListItem\",\"position\":1,\"name\":\"Portada\",\"item\":\"https:\\\/\\\/construccionessantamariadelcastillo.es\\\/\"},{\"@type\":\"ListItem\",\"position\":2,\"name\":\"Pol\u00edtica de Cookies\"}]},{\"@type\":\"WebSite\",\"@id\":\"https:\\\/\\\/construccionessantamariadelcastillo.es\\\/#website\",\"url\":\"https:\\\/\\\/construccionessantamariadelcastillo.es\\\/\",\"name\":\"Construcciones Santa Mar\u00eda del Castillo\",\"description\":\"Construcciones Santa Mar\u00eda del Castillo es una empresa especializada en todo tipo de construcciones, como reformas, alba\u00f1iler\u00eda, obra nueva, viviendas y locales. Ubicada en Fr\u00f3mista, Palencia.\",\"publisher\":{\"@id\":\"https:\\\/\\\/construccionessantamariadelcastillo.es\\\/#organization\"},\"potentialAction\":[{\"@type\":\"SearchAction\",\"target\":{\"@type\":\"EntryPoint\",\"urlTemplate\":\"https:\\\/\\\/construccionessantamariadelcastillo.es\\\/?s={search_term_string}\"},\"query-input\":{\"@type\":\"PropertyValueSpecification\",\"valueRequired\":true,\"valueName\":\"search_term_string\"}}],\"inLanguage\":\"en-GB\"},{\"@type\":\"Organization\",\"@id\":\"https:\\\/\\\/construccionessantamariadelcastillo.es\\\/#organization\",\"name\":\"Construcciones Santa Mar\u00eda del Castillo\",\"url\":\"https:\\\/\\\/construccionessantamariadelcastillo.es\\\/\",\"logo\":{\"@type\":\"ImageObject\",\"inLanguage\":\"en-GB\",\"@id\":\"https:\\\/\\\/construccionessantamariadelcastillo.es\\\/#\\\/schema\\\/logo\\\/image\\\/\",\"url\":\"https:\\\/\\\/construccionessantamariadelcastillo.es\\\/wp-content\\\/uploads\\\/2026\\\/04\\\/LOGO.png\",\"contentUrl\":\"https:\\\/\\\/construccionessantamariadelcastillo.es\\\/wp-content\\\/uploads\\\/2026\\\/04\\\/LOGO.png\",\"width\":752,\"height\":280,\"caption\":\"Construcciones Santa Mar\u00eda del Castillo\"},\"image\":{\"@id\":\"https:\\\/\\\/construccionessantamariadelcastillo.es\\\/#\\\/schema\\\/logo\\\/image\\\/\"}}]}<\/script>\n<!-- \/ Yoast SEO plugin. -->","yoast_head_json":{"title":"Pol\u00edtica de Cookies - Construcciones Santa Mar\u00eda del Castillo","robots":{"index":"index","follow":"follow","max-snippet":"max-snippet:-1","max-image-preview":"max-image-preview:large","max-video-preview":"max-video-preview:-1"},"canonical":"https:\/\/construccionessantamariadelcastillo.es\/en\/politica-de-cookies\/","og_locale":"en_GB","og_type":"article","og_title":"Pol\u00edtica de Cookies - Construcciones Santa Mar\u00eda del Castillo","og_description":"Pol\u00edtica de CookiesEste sitio web puede utilizar cookies t\u00e9cnicas (peque\u00f1os archivos de informaci\u00f3n que el servidor env\u00eda al ordenador de quien accede a la p\u00e1gina) para llevar a cabo determinadas funciones que son consideradas imprescindibles para el correcto funcionamiento y visualizaci\u00f3n del sitio. Las cookies utilizadas tienen, en todo caso, car\u00e1cter temporal, con la \u00fanica [&hellip;]","og_url":"https:\/\/construccionessantamariadelcastillo.es\/en\/politica-de-cookies\/","og_site_name":"Construcciones Santa Mar\u00eda del Castillo","article_modified_time":"2026-04-13T08:02:41+00:00","twitter_card":"summary_large_image","twitter_misc":{"Est. reading time":"7 minutes"},"schema":{"@context":"https:\/\/schema.org","@graph":[{"@type":"WebPage","@id":"https:\/\/construccionessantamariadelcastillo.es\/politica-de-cookies\/","url":"https:\/\/construccionessantamariadelcastillo.es\/politica-de-cookies\/","name":"Pol\u00edtica de Cookies - Construcciones Santa Mar\u00eda del Castillo","isPartOf":{"@id":"https:\/\/construccionessantamariadelcastillo.es\/#website"},"datePublished":"2026-04-13T08:00:17+00:00","dateModified":"2026-04-13T08:02:41+00:00","breadcrumb":{"@id":"https:\/\/construccionessantamariadelcastillo.es\/politica-de-cookies\/#breadcrumb"},"inLanguage":"en-GB","potentialAction":[{"@type":"ReadAction","target":["https:\/\/construccionessantamariadelcastillo.es\/politica-de-cookies\/"]}]},{"@type":"BreadcrumbList","@id":"https:\/\/construccionessantamariadelcastillo.es\/politica-de-cookies\/#breadcrumb","itemListElement":[{"@type":"ListItem","position":1,"name":"Portada","item":"https:\/\/construccionessantamariadelcastillo.es\/"},{"@type":"ListItem","position":2,"name":"Pol\u00edtica de Cookies"}]},{"@type":"WebSite","@id":"https:\/\/construccionessantamariadelcastillo.es\/#website","url":"https:\/\/construccionessantamariadelcastillo.es\/","name":"Construcciones Santa Mar\u00eda del Castillo","description":"Construcciones Santa Mar\u00eda del Castillo es una empresa especializada en todo tipo de construcciones, como reformas, alba\u00f1iler\u00eda, obra nueva, viviendas y locales. Ubicada en Fr\u00f3mista, Palencia.","publisher":{"@id":"https:\/\/construccionessantamariadelcastillo.es\/#organization"},"potentialAction":[{"@type":"SearchAction","target":{"@type":"EntryPoint","urlTemplate":"https:\/\/construccionessantamariadelcastillo.es\/?s={search_term_string}"},"query-input":{"@type":"PropertyValueSpecification","valueRequired":true,"valueName":"search_term_string"}}],"inLanguage":"en-GB"},{"@type":"Organization","@id":"https:\/\/construccionessantamariadelcastillo.es\/#organization","name":"Construcciones Santa Mar\u00eda del Castillo","url":"https:\/\/construccionessantamariadelcastillo.es\/","logo":{"@type":"ImageObject","inLanguage":"en-GB","@id":"https:\/\/construccionessantamariadelcastillo.es\/#\/schema\/logo\/image\/","url":"https:\/\/construccionessantamariadelcastillo.es\/wp-content\/uploads\/2026\/04\/LOGO.png","contentUrl":"https:\/\/construccionessantamariadelcastillo.es\/wp-content\/uploads\/2026\/04\/LOGO.png","width":752,"height":280,"caption":"Construcciones Santa Mar\u00eda del Castillo"},"image":{"@id":"https:\/\/construccionessantamariadelcastillo.es\/#\/schema\/logo\/image\/"}}]}},"_links":{"self":[{"href":"https:\/\/construccionessantamariadelcastillo.es\/en\/wp-json\/wp\/v2\/pages\/2955","targetHints":{"allow":["GET"]}}],"collection":[{"href":"https:\/\/construccionessantamariadelcastillo.es\/en\/wp-json\/wp\/v2\/pages"}],"about":[{"href":"https:\/\/construccionessantamariadelcastillo.es\/en\/wp-json\/wp\/v2\/types\/page"}],"author":[{"embeddable":true,"href":"https:\/\/construccionessantamariadelcastillo.es\/en\/wp-json\/wp\/v2\/users\/1"}],"replies":[{"embeddable":true,"href":"https:\/\/construccionessantamariadelcastillo.es\/en\/wp-json\/wp\/v2\/comments?post=2955"}],"version-history":[{"count":3,"href":"https:\/\/construccionessantamariadelcastillo.es\/en\/wp-json\/wp\/v2\/pages\/2955\/revisions"}],"predecessor-version":[{"id":2958,"href":"https:\/\/construccionessantamariadelcastillo.es\/en\/wp-json\/wp\/v2\/pages\/2955\/revisions\/2958"}],"wp:attachment":[{"href":"https:\/\/construccionessantamariadelcastillo.es\/en\/wp-json\/wp\/v2\/media?parent=2955"}],"curies":[{"name":"wp","href":"https:\/\/api.w.org\/{rel}","templated":true}]}}